{"id":2077,"date":"2018-10-10T15:48:27","date_gmt":"2018-10-10T20:48:27","guid":{"rendered":"http:\/\/terminal.ytr.agency\/?page_id=2077"},"modified":"2025-01-31T15:48:01","modified_gmt":"2025-01-31T20:48:01","slug":"guias-y-procedimientos","status":"publish","type":"page","link":"http:\/\/www.tpg.com.ec\/index.php\/guias-y-procedimientos\/","title":{"rendered":"Gu\u00edas y Procedimientos"},"content":{"rendered":"<div class=\"wpb-content-wrapper\"><p>[vc_row][vc_column width=\u00bb2\/3&#8243;][vc_column_text css=\u00bb.vc_custom_1539207910966{margin-bottom: 30px !important;}\u00bb]<\/p>\n<h4>MANUALES Y GUIAS DE TR\u00c1MITE<\/h4>\n<p>Para mayor informaci\u00f3n respecto a nuestros procedimientos, a continuaci\u00f3n detallamos nuestras gu\u00edas y manuales:[\/vc_column_text][vc_row_inner][vc_column_inner width=\u00bb2\/3&#8243;][vc_btn title=\u00bbDISV GUIA PARA PROGRAMACI\u00d3N DE TURNO EXPORTACI\u00d3N\u00bb style=\u00bbflat\u00bb shape=\u00bbsquare\u00bb color=\u00bbprimary\u00bb size=\u00bbsm\u00bb align=\u00bbleft\u00bb button_block=\u00bbtrue\u00bb link=\u00bburl:http%3A%2F%2Fwww.tpg.com.ec%2Fwp-content%2Fuploads%2F2022%2F10%2FDISV_Guia_para_programacion_de_turno_para_exportacion.pdf||target:%20_blank|\u00bb][vc_btn title=\u00bbGU\u00cdA PARA REGISTRO DE AGENTES, AUXILIARES Y DELEGADOS\u00bb style=\u00bbflat\u00bb shape=\u00bbsquare\u00bb color=\u00bbprimary\u00bb size=\u00bbsm\u00bb align=\u00bbleft\u00bb button_block=\u00bbtrue\u00bb link=\u00bburl:\/wp-content\/uploads\/2021\/09\/REGISTROAGENTESAUXILIARES.doc||target:%20_blank|\u00bb][vc_btn title=\u00bbGU\u00cdA PARA REGISTRO DE TRANSPORTISTAS\u00bb style=\u00bbflat\u00bb shape=\u00bbsquare\u00bb color=\u00bbprimary\u00bb size=\u00bbsm\u00bb align=\u00bbleft\u00bb button_block=\u00bbtrue\u00bb link=\u00bburl:\/wp-content\/uploads\/2021\/09\/REGISTROTRANSPORTISTAS.doc||target:%20_blank|\u00bb][vc_btn title=\u00bbSOLICITUD DE REGISTRO DE OPERADORA DE TRANSPORTE\u00bb style=\u00bbflat\u00bb shape=\u00bbsquare\u00bb color=\u00bbprimary\u00bb size=\u00bbsm\u00bb align=\u00bbleft\u00bb button_block=\u00bbtrue\u00bb link=\u00bburl:\/wp-content%2Fuploads%2F2019%2F02%2FRegistroEmpresaTransporteSPTMF.doc||target:%20_blank|\u00bb][vc_btn title=\u00bbSOLICITUD DE REGISTRO PARA INGRESO DE CHOFER\u00bb style=\u00bbflat\u00bb shape=\u00bbsquare\u00bb color=\u00bbprimary\u00bb size=\u00bbsm\u00bb align=\u00bbleft\u00bb button_block=\u00bbtrue\u00bb link=\u00bburl:\/wp-content\/uploads\/2019\/09\/SOLICITUDES_PARA_EL_REGISTRO_DE_CHOFER.doc||target:%20_blank|\u00bb][vc_btn title=\u00bbSOLICITUD DE REGISTRO PARA INGRESO DE VEH\u00cdCULO\u00bb style=\u00bbflat\u00bb shape=\u00bbsquare\u00bb color=\u00bbprimary\u00bb size=\u00bbsm\u00bb align=\u00bbleft\u00bb button_block=\u00bbtrue\u00bb link=\u00bburl:\/wp-content\/uploads\/2019\/09\/SOLICITUDES_PARA_EL_REGISTRO_DE_VEHICULO.doc||target:%20_blank|\u00bb][vc_btn title=\u00bbGU\u00cdA PARA PESAJE VGM EN TPG\u00bb style=\u00bbflat\u00bb shape=\u00bbsquare\u00bb color=\u00bbprimary\u00bb size=\u00bbsm\u00bb align=\u00bbleft\u00bb button_block=\u00bbtrue\u00bb link=\u00bburl:http%3A%2F%2Fwww.tpg.com.ec%2Fwp-content%2Fuploads%2F2019%2F02%2FPROCEDIMIENTO-PARA-PESAJE-VGM-EN-TPG.pdf||target:%20_blank|\u00bb][vc_btn title=\u00bbGU\u00cdA PARA MIGRANTES CON MENAJE DE CASA\u00bb style=\u00bbflat\u00bb shape=\u00bbsquare\u00bb color=\u00bbprimary\u00bb size=\u00bbsm\u00bb align=\u00bbleft\u00bb button_block=\u00bbtrue\u00bb link=\u00bburl:http%3A%2F%2Fwww.tpg.com.ec%2Fwp-content%2Fuploads%2F2019%2F02%2FGUIAMIGRANTES.pdf||target:%20_blank|\u00bb][vc_btn title=\u00bbGU\u00cdA PARA SOLICITUD DE INGRESO A PATIO DE INSPECCIONES\u00bb style=\u00bbflat\u00bb shape=\u00bbsquare\u00bb color=\u00bbprimary\u00bb size=\u00bbsm\u00bb align=\u00bbleft\u00bb button_block=\u00bbtrue\u00bb link=\u00bburl:http%3A%2F%2Fwww.tpg.com.ec%2Fwp-content%2Fuploads%2F2019%2F02%2FGUIASOLICITUDINGRESOPATIODEINSPECCIONES.pdf||target:%20_blank|\u00bb][vc_btn title=\u00bbREQUISITOS PARA FACTURAR EN TPG.\u00bb style=\u00bbflat\u00bb shape=\u00bbsquare\u00bb color=\u00bbprimary\u00bb size=\u00bbsm\u00bb align=\u00bbleft\u00bb button_block=\u00bbtrue\u00bb link=\u00bburl:http%3A%2F%2Fwww.tpg.com.ec%2Findex.php%2Frequisitos-para-facturar-en-tpg%2F|||\u00bb][vc_btn title=\u00bbGU\u00cdA PARA EXPORTADORES NUEVOS\u00bb style=\u00bbflat\u00bb shape=\u00bbsquare\u00bb color=\u00bbprimary\u00bb size=\u00bbsm\u00bb align=\u00bbleft\u00bb button_block=\u00bbtrue\u00bb link=\u00bburl:http%3A%2F%2Fwww.tpg.com.ec%2Fwp-content%2Fuploads%2F2021%2F10%2FGUIA_PARA_EXPORTADORES_2021.pdf||target:%20_blank|\u00bb][vc_btn title=\u00bbGU\u00cdA PARA EMITIR PROFORMA Y SUBIR PAGO EN LINEA PARA EXPORTADORES\u00bb style=\u00bbflat\u00bb shape=\u00bbsquare\u00bb color=\u00bbprimary\u00bb size=\u00bbsm\u00bb align=\u00bbleft\u00bb button_block=\u00bbtrue\u00bb link=\u00bburl:http%3A%2F%2Fwww.tpg.com.ec%2Fwp-content%2Fuploads%2F2022%2F01%2FInstructivo_de_proforma_y_facturacion_de_exportacion.pdf||target:%20_blank|\u00bb][vc_btn title=\u00bbGU\u00cdA PARA INSPECCI\u00d3N ANTINARCOTICOS\u00bb style=\u00bbflat\u00bb shape=\u00bbsquare\u00bb color=\u00bbprimary\u00bb size=\u00bbsm\u00bb align=\u00bbleft\u00bb button_block=\u00bbtrue\u00bb link=\u00bburl:http%3A%2F%2Fwww.tpg.com.ec%2Fwp-content%2Fuploads%2F2019%2F05%2FGuia_de_documentos_para_inspeccion_antinarcoticos.pdf||target:%20_blank|\u00bb][vc_btn title=\u00bbPROCEDIMIENTO PARA CRUCE O DEVOLUCI\u00d3N DE VALORES A FAVOR DE CLIENTES\u00bb style=\u00bbdownload\u00bb shape=\u00bbsquare\u00bb color=\u00bbprimary\u00bb size=\u00bbsm\u00bb align=\u00bbleft\u00bb button_block=\u00bbtrue\u00bb link=\u00bburl:https%3A%2F%2Fdrive.google.com%2Ffile%2Fd%2F19o2Fjvo5cZ5GscAiCOfloWu9xxjGUnM2%2Fview?usp=sharing||target:%20_blank|\u00bb][vc_btn title=\u00bbINSTRUCTIVO PARA FACTURACI\u00d3N Y APLICACI\u00d3N DE PORCENTAJES DE RETENCI\u00d3N\u00bb style=\u00bbflat\u00bb shape=\u00bbsquare\u00bb color=\u00bbprimary\u00bb size=\u00bbsm\u00bb align=\u00bbleft\u00bb button_block=\u00bbtrue\u00bb link=\u00bburl:http%3A%2F%2Fwww.tpg.com.ec%2Fwp-content%2Fuploads%2F2022%2F06%2FInstructivo_aplicacion_porcentajes_retencion_facturacion.pdf||target:%20_blank|\u00bb][vc_btn title=\u00bbGU\u00cdA PARA EL SISTEMA DE CONTROL DE ACCESO\u00bb style=\u00bbflat\u00bb shape=\u00bbsquare\u00bb color=\u00bbprimary\u00bb size=\u00bbsm\u00bb align=\u00bbleft\u00bb button_block=\u00bbtrue\u00bb link=\u00bburl:http%3A%2F%2Fwww.tpg.com.ec%2Fwp-content%2Fuploads%2F2025%2F01%2FMANUAL-SISTEMA-DE-CONTROL-DE-ACCESO.pdf||target:%20_blank|\u00bb][vc_empty_space height=\u00bb48&#8243;][\/vc_column_inner][vc_column_inner width=\u00bb1\/3&#8243;][\/vc_column_inner][\/vc_row_inner][\/vc_column][vc_column width=\u00bb1\/3&#8243; css=\u00bb.vc_custom_1548228118962{background-color: #f7f7f7 !important;}\u00bb][vc_column_inner][vc_column_text]<\/p>\n<h3>TPG EN L\u00cdNEA<\/h3>\n<p>[\/vc_column_text][vc_column_text css=\u00bb.vc_custom_1548229514892{margin-top: 0px !important;}\u00bb]<\/p>\n<ul>\n<li style=\"line-height: 10px;\"><a href=\"http:\/\/disv.tpg.com.ec\/calculotpg\/webpages\/index_web.php\" target=\"_blank\" rel=\"noopener noreferrer\">C\u00e1culo en L\u00ednea<\/a><\/li>\n<li style=\"line-height: 10px;\"><a href=\"http:\/\/disv.tpg.com.ec\/consultatpg\/webpages\/tpg_cons_desp.php\" target=\"_blank\" rel=\"noopener noreferrer\">Programaci\u00f3n de Despachos<\/a><\/li>\n<li style=\"line-height: 10px;\"><a href=\"http:\/\/201.234.211.237\/sac\/solicitud\" target=\"_blank\" rel=\"noopener noreferrer\">Solicitud de Cr\u00e9dito<\/a><\/li>\n<li style=\"line-height: 10px;\"><a href=\"http:\/\/disv.tpg.com.ec\/consultatpg\/webpages\/tpg_cons_reservas.php\" target=\"_blank\" rel=\"noopener noreferrer\">Consulta de Cupos<\/a><\/li>\n<li style=\"line-height: 10px;\"><a href=\"http:\/\/201.234.211.237\/sres\/users\/login\" target=\"_blank\" rel=\"noopener noreferrer\">Autorizaciones SRES<\/a><\/li>\n<li style=\"line-height: 10px;\"><a href=\"http:\/\/disv.tpg.com.ec\/webtpg\/index.php\" target=\"_blank\" rel=\"noopener noreferrer\">DISV<\/a><\/li>\n<li style=\"line-height: 10px;\"><a href=\"http:\/\/disv.tpg.com.ec\/consultatpg\/webpages\/tpg_cons_chof.php\" target=\"_blank\" rel=\"noopener noreferrer\">Estado de Choferes<\/a><\/li>\n<li style=\"line-height: 10px;\"><a href=\"http:\/\/disv.tpg.com.ec\/tpgarchivos\/aforos.pdf\" target=\"_blank\" rel=\"noopener noreferrer\">Listado de Aforos<\/a><\/li>\n<li style=\"line-height: 10px;\"><a href=\"http:\/\/disv.tpg.com.ec\/consultatpg\/webpages\/wpg_menu_consolidacion.php\" target=\"_blank\" rel=\"noopener noreferrer\">Consolidaciones \/ Desconsolidaciones<\/a><\/li>\n<li style=\"line-height: 10px;\"><a href=\"http:\/\/disv.tpg.com.ec\/consultatpg\/webpages\/tpg_solicitud_acceso_aforo.php\" target=\"_blank\" rel=\"noopener noreferrer\">Solicitud de Acceso<\/a><\/li>\n<li style=\"line-height: 10px;\"><a href=\"http:\/\/disv.tpg.com.ec\/EFacturacion\/index.html\" target=\"_blank\" rel=\"noopener noreferrer\">Facturaci\u00f3n Electr\u00f3nica<\/a><\/li>\n<li style=\"line-height: 10px;\"><a href=\"http:\/\/201.234.211.237\/sgt\/web\/index.php\/site\/login\" target=\"_blank\" rel=\"noopener noreferrer\">Sistema de Turnos Dep\u00f3sito<\/a><\/li>\n<\/ul>\n<p>[\/vc_column_text][\/vc_column_inner][\/vc_row_inner]\n<div class=\"wpcf7 no-js\" id=\"wpcf7-f1584-o1\" lang=\"en-US\" dir=\"ltr\" data-wpcf7-id=\"1584\">\n<div class=\"screen-reader-response\"><p role=\"status\" aria-live=\"polite\" aria-atomic=\"true\"><\/p> <ul><\/ul><\/div>\n<form action=\"\/index.php\/wp-json\/wp\/v2\/pages\/2077#wpcf7-f1584-o1\" method=\"post\" class=\"wpcf7-form init\" aria-label=\"Contact form\" novalidate=\"novalidate\" data-status=\"init\">\n<div style=\"display: none;\">\n<input type=\"hidden\" name=\"_wpcf7\" value=\"1584\" \/>\n<input type=\"hidden\" name=\"_wpcf7_version\" value=\"6.0.6\" \/>\n<input type=\"hidden\" name=\"_wpcf7_locale\" value=\"en_US\" \/>\n<input type=\"hidden\" name=\"_wpcf7_unit_tag\" value=\"wpcf7-f1584-o1\" \/>\n<input type=\"hidden\" name=\"_wpcf7_container_post\" value=\"0\" \/>\n<input type=\"hidden\" name=\"_wpcf7_posted_data_hash\" value=\"\" \/>\n<input type=\"hidden\" name=\"_wpcf7cf_hidden_group_fields\" value=\"[]\" \/>\n<input type=\"hidden\" name=\"_wpcf7cf_hidden_groups\" value=\"[]\" \/>\n<input type=\"hidden\" name=\"_wpcf7cf_visible_groups\" value=\"[]\" \/>\n<input type=\"hidden\" name=\"_wpcf7cf_repeaters\" value=\"[]\" \/>\n<input type=\"hidden\" name=\"_wpcf7cf_steps\" value=\"{}\" \/>\n<input type=\"hidden\" name=\"_wpcf7cf_options\" value=\"{&quot;form_id&quot;:1584,&quot;conditions&quot;:[{&quot;then_field&quot;:&quot;importer&quot;,&quot;and_rules&quot;:[{&quot;if_field&quot;:&quot;tarifario&quot;,&quot;operator&quot;:&quot;equals&quot;,&quot;if_value&quot;:&quot;Importador&quot;}]},{&quot;then_field&quot;:&quot;exporter&quot;,&quot;and_rules&quot;:[{&quot;if_field&quot;:&quot;tarifario&quot;,&quot;operator&quot;:&quot;equals&quot;,&quot;if_value&quot;:&quot;Exportador&quot;}]},{&quot;then_field&quot;:&quot;consolidators&quot;,&quot;and_rules&quot;:[{&quot;if_field&quot;:&quot;tarifario&quot;,&quot;operator&quot;:&quot;equals&quot;,&quot;if_value&quot;:&quot;Consolidadoras&quot;}]},{&quot;then_field&quot;:&quot;services&quot;,&quot;and_rules&quot;:[{&quot;if_field&quot;:&quot;tarifario&quot;,&quot;operator&quot;:&quot;equals&quot;,&quot;if_value&quot;:&quot;Servicios a la Nave&quot;}]},{&quot;then_field&quot;:&quot;deposit&quot;,&quot;and_rules&quot;:[{&quot;if_field&quot;:&quot;tarifario&quot;,&quot;operator&quot;:&quot;equals&quot;,&quot;if_value&quot;:&quot;Dep\\u00f3sito de Contenedores Vac\\u00edos&quot;}]}],&quot;settings&quot;:{&quot;animation&quot;:&quot;yes&quot;,&quot;animation_intime&quot;:200,&quot;animation_outtime&quot;:200,&quot;conditions_ui&quot;:&quot;normal&quot;,&quot;notice_dismissed&quot;:false}}\" \/>\n<\/div>\n<div class=\"contact_form\">\n\t<div class=\"row\">\n\t\t<div class=\"col-lg-12 col-md-12 col-sm-12 col-xs-12\">\n\t\t\t<h3>TARIFARIO EN L\u00cdNEA\n\t\t\t<\/h3>\n\t\t<\/div>\n\t\t<div class=\"col-lg-12 col-md-12 col-sm-12 col-xs-12\">\n\t\t\t<div class=\"input-group\">\n\t\t\t\t<p><label style=\"color:#b7b7b7;\">Escoja una opci\u00f3n:<\/label><br \/>\n<span class=\"wpcf7-form-control-wrap\" data-name=\"tarifario\"><select class=\"wpcf7-form-control wpcf7-select wpcf7-validates-as-required\" aria-required=\"true\" aria-invalid=\"false\" name=\"tarifario\"><option value=\"Importador\">Importador<\/option><option value=\"Exportador\">Exportador<\/option><option value=\"Consolidadoras\">Consolidadoras<\/option><option value=\"Servicios a la Nave\">Servicios a la Nave<\/option><option value=\"Dep\u00f3sito de Contenedores Vac\u00edos\">Dep\u00f3sito de Contenedores Vac\u00edos<\/option><\/select><\/span>\n\t\t\t\t<\/p>\n\t\t\t<\/div>\n\t\t<\/div>\n\t\t<div class=\"col-lg-12 col-md-12 col-sm-12 col-xs-12\">\n\t\t\t<div data-id=\"importer\" data-orig_data_id=\"importer\"  data-class=\"wpcf7cf_group\">\n\t\t\t\t<div class=\"input-group\">\n\t\t\t\t\t<p><a href=\"\/index.php\/tarifas-tpg-importador-contenedor\/\" target=\"_blank\" class=\"button size-sm\">Contenedores<\/a>\n\t\t\t\t\t<\/p>\n\t\t\t\t<\/div>\n\t\t\t\t<div class=\"input-group\">\n\t\t\t\t\t<p><a href=\"\/index.php\/tarifas-tpg-importador-carga-suelta\/\" target=\"_blank\" class=\"button size-sm\">Carga Suelta<\/a>\n\t\t\t\t\t<\/p>\n\t\t\t\t<\/div>\n\t\t\t\t<div class=\"input-group\">\n\t\t\t\t\t<p><a href=\"\/index.php\/tarifas-tpg-importador-carga-suelta-no-convencional\/\" target=\"_blank\" class=\"button size-sm\">Carga Suelta (no convencional)<\/a>\n\t\t\t\t\t<\/p>\n\t\t\t\t<\/div>\n\t\t\t<\/div>\n\t\t\t<div data-id=\"exporter\" data-orig_data_id=\"exporter\"  data-class=\"wpcf7cf_group\">\n\t\t\t\t<div class=\"input-group\">\n\t\t\t\t\t<p><a href=\"\/index.php\/tarifas-tpg-exportador-contenedor\/\" target=\"_blank\" class=\"button size-sm\">Contenedores<\/a>\n\t\t\t\t\t<\/p>\n\t\t\t\t<\/div>\n\t\t\t\t<div class=\"input-group\">\n\t\t\t\t\t<p><a href=\"\/index.php\/tarifas-tpg-exportador-carga-suelta\/\" target=\"_blank\" class=\"button size-sm\">Carga Suelta<\/a>\n\t\t\t\t\t<\/p>\n\t\t\t\t<\/div>\n\t\t\t\t<div class=\"input-group\">\n\t\t\t\t\t<p><a href=\"\/index.php\/tarifas-tpg-exportador-carga-suelta-no-convencional\/\" target=\"_blank\" class=\"button size-sm\">Carga Suelta (no convencional)<\/a>\n\t\t\t\t\t<\/p>\n\t\t\t\t<\/div>\n\t\t\t<\/div>\n\t\t\t<div data-id=\"consolidators\" data-orig_data_id=\"consolidators\"  data-class=\"wpcf7cf_group\">\n\t\t\t\t<div class=\"input-group\">\n\t\t\t\t\t<p><a href=\"\/index.php\/tarifas-tpg-consolidadora-contenedor\/\" target=\"_blank\" class=\"button size-sm\">Ver Tarifario<\/a>\n\t\t\t\t\t<\/p>\n\t\t\t\t<\/div>\n\t\t\t<\/div>\n\t\t\t<div data-id=\"services\" data-orig_data_id=\"services\"  data-class=\"wpcf7cf_group\">\n\t\t\t\t<div class=\"input-group\">\n\t\t\t\t\t<p><a href=\"\/index.php\/tarifas-tpg-servicios-a-la-nave\/\" target=\"_blank\" class=\"button size-sm\">Ver Tarifario<\/a>\n\t\t\t\t\t<\/p>\n\t\t\t\t<\/div>\n\t\t\t<\/div>\n\t\t\t<div data-id=\"deposit\" data-orig_data_id=\"deposit\"  data-class=\"wpcf7cf_group\">\n\t\t\t\t<div class=\"input-group\">\n\t\t\t\t\t<p><a href=\"\/index.php\/tarifas-tpg-deposito-contenedores-vacios\/\" target=\"_blank\" class=\"button size-sm\">Ver Tarifario<\/a>\n\t\t\t\t\t<\/p>\n\t\t\t\t<\/div>\n\t\t\t<\/div>\n\t\t<\/div>\n\t<\/div>\n<\/div><div class=\"wpcf7-response-output\" aria-hidden=\"true\"><\/div>\n<\/form>\n<\/div>\n[vc_row_inner css=\u00bb.vc_custom_1548230846652{margin-top: 20px !important;margin-right: 20px !important;margin-bottom: 40px !important;margin-left: 32px !important;}\u00bb][vc_column_inner][vc_column_text]<\/p>\n<h3>TR\u00c1FICO DE NAVES<\/h3>\n<p>[\/vc_column_text][vc_column_text css=\u00bb.vc_custom_1548229523075{margin-top: 0px !important;}\u00bb]<a class=\"vc_general vc_btn3 vc_btn3-size-sm vc_btn3-shape-square vc_btn3-style-flat vc_btn3-icon-right vc_btn3-color-theme_style_3\" title=\"\" href=\"http:\/\/www.tpg.com.ec\/index.php\/trafico-de-naves\/\">IR A TR\u00c1FICO DE NAVES <i class=\"vc_btn3-icon stm-arrow-next\"><\/i><\/a>[\/vc_column_text][\/vc_column_inner][\/vc_row_inner][\/vc_column][\/vc_row]<\/p>\n<\/div>","protected":false},"excerpt":{"rendered":"<p>[vc_row][vc_column width=\u00bb2\/3&#8243;][vc_column_text css=\u00bb.vc_custom_1539207910966{margin-bottom: 30px !important;}\u00bb] MANUALES Y GUIAS DE TR\u00c1MITE Para mayor informaci\u00f3n respecto a nuestros procedimientos, a continuaci\u00f3n detallamos nuestras gu\u00edas y manuales:[\/vc_column_text][vc_row_inner][vc_column_inner width=\u00bb2\/3&#8243;][vc_btn title=\u00bbDISV GUIA PARA PROGRAMACI\u00d3N DE TURNO EXPORTACI\u00d3N\u00bb style=\u00bbflat\u00bb&#8230;<\/p>\n","protected":false},"author":1,"featured_media":0,"parent":0,"menu_order":0,"comment_status":"closed","ping_status":"closed","template":"","meta":{"footnotes":""},"class_list":["post-2077","page","type-page","status-publish","hentry"],"_links":{"self":[{"href":"http:\/\/www.tpg.com.ec\/index.php\/wp-json\/wp\/v2\/pages\/2077","targetHints":{"allow":["GET"]}}],"collection":[{"href":"http:\/\/www.tpg.com.ec\/index.php\/wp-json\/wp\/v2\/pages"}],"about":[{"href":"http:\/\/www.tpg.com.ec\/index.php\/wp-json\/wp\/v2\/types\/page"}],"author":[{"embeddable":true,"href":"http:\/\/www.tpg.com.ec\/index.php\/wp-json\/wp\/v2\/users\/1"}],"replies":[{"embeddable":true,"href":"http:\/\/www.tpg.com.ec\/index.php\/wp-json\/wp\/v2\/comments?post=2077"}],"version-history":[{"count":84,"href":"http:\/\/www.tpg.com.ec\/index.php\/wp-json\/wp\/v2\/pages\/2077\/revisions"}],"predecessor-version":[{"id":14794,"href":"http:\/\/www.tpg.com.ec\/index.php\/wp-json\/wp\/v2\/pages\/2077\/revisions\/14794"}],"wp:attachment":[{"href":"http:\/\/www.tpg.com.ec\/index.php\/wp-json\/wp\/v2\/media?parent=2077"}],"curies":[{"name":"wp","href":"https:\/\/api.w.org\/{rel}","templated":true}]}}