{"id":2285,"date":"2018-10-15T16:01:41","date_gmt":"2018-10-15T21:01:41","guid":{"rendered":"http:\/\/terminal.ytr.agency\/?page_id=2285"},"modified":"2019-02-26T19:06:46","modified_gmt":"2019-02-27T00:06:46","slug":"bolsa-de-trabajo","status":"publish","type":"page","link":"http:\/\/www.tpg.com.ec\/index.php\/bolsa-de-trabajo\/","title":{"rendered":"Bolsa de Trabajo"},"content":{"rendered":"<div class=\"wpb-content-wrapper\"><p>[vc_row][vc_column width=\u00bb2\/3&#8243;][vc_column_text css=\u00bb.vc_custom_1539631997786{margin-bottom: 30px !important;}\u00bb]<\/p>\n<h2>Terminal Portuario de Guayaquil<\/h2>\n<p>[\/vc_column_text]\n<div class=\"wpcf7 no-js\" id=\"wpcf7-f2289-o1\" lang=\"en-US\" dir=\"ltr\" data-wpcf7-id=\"2289\">\n<div class=\"screen-reader-response\"><p role=\"status\" aria-live=\"polite\" aria-atomic=\"true\"><\/p> <ul><\/ul><\/div>\n<form action=\"\/index.php\/wp-json\/wp\/v2\/pages\/2285#wpcf7-f2289-o1\" method=\"post\" class=\"wpcf7-form init\" aria-label=\"Contact form\" enctype=\"multipart\/form-data\" novalidate=\"novalidate\" data-status=\"init\">\n<div style=\"display: none;\">\n<input type=\"hidden\" name=\"_wpcf7\" value=\"2289\" \/>\n<input type=\"hidden\" name=\"_wpcf7_version\" value=\"6.0.6\" \/>\n<input type=\"hidden\" name=\"_wpcf7_locale\" value=\"en_US\" \/>\n<input type=\"hidden\" name=\"_wpcf7_unit_tag\" value=\"wpcf7-f2289-o1\" \/>\n<input type=\"hidden\" name=\"_wpcf7_container_post\" value=\"0\" \/>\n<input type=\"hidden\" name=\"_wpcf7_posted_data_hash\" value=\"\" \/>\n<input type=\"hidden\" name=\"_wpcf7cf_hidden_group_fields\" value=\"[]\" \/>\n<input type=\"hidden\" name=\"_wpcf7cf_hidden_groups\" value=\"[]\" \/>\n<input type=\"hidden\" name=\"_wpcf7cf_visible_groups\" value=\"[]\" \/>\n<input type=\"hidden\" name=\"_wpcf7cf_repeaters\" value=\"[]\" \/>\n<input type=\"hidden\" name=\"_wpcf7cf_steps\" value=\"{}\" \/>\n<input type=\"hidden\" name=\"_wpcf7cf_options\" value=\"{&quot;form_id&quot;:2289,&quot;conditions&quot;:[],&quot;settings&quot;:{&quot;animation&quot;:&quot;yes&quot;,&quot;animation_intime&quot;:200,&quot;animation_outtime&quot;:200,&quot;conditions_ui&quot;:&quot;normal&quot;,&quot;notice_dismissed&quot;:false}}\" \/>\n<\/div>\n<div id=\"suscribe\" class=\"contact_form\" style=\"margin-top:32px;\">\n\t<div class=\"row\">\n\t\t<div class=\"col-lg-12 col-md-12 col-sm-12 col-xs-12\">\n\t\t\t<h3>Trabaje con Nosotros\n\t\t\t<\/h3>\n\t\t\t<p>Si desea trabajar con nosotros por favor env\u00ede su hoja de vida a trav\u00e9s del formulario.\n\t\t\t<\/p>\n\t\t<\/div>\n\t\t<div class=\"col-lg-12 col-md-12 col-sm-12 col-xs-12\">\n\t\t\t<div class=\"input-group\">\n\t\t\t\t<p><span class=\"wpcf7-form-control-wrap\" data-name=\"nombre\"><input size=\"40\" maxlength=\"400\" class=\"wpcf7-form-control wpcf7-text wpcf7-validates-as-required\" aria-required=\"true\" aria-invalid=\"false\" value=\"Nombre Completo\" type=\"text\" name=\"nombre\" \/><\/span>\n\t\t\t\t<\/p>\n\t\t\t<\/div>\n\t\t\t<div class=\"input-group\">\n\t\t\t\t<p><span class=\"wpcf7-form-control-wrap\" data-name=\"email-280\"><input size=\"40\" maxlength=\"400\" class=\"wpcf7-form-control wpcf7-email wpcf7-validates-as-required wpcf7-text wpcf7-validates-as-email\" aria-required=\"true\" aria-invalid=\"false\" value=\"Correo Electr\u00f3nico\" type=\"email\" name=\"email-280\" \/><\/span>\n\t\t\t\t<\/p>\n\t\t\t<\/div>\n\t\t\t<div class=\"input-group\">\n\t\t\t\t<p><span class=\"wpcf7-form-control-wrap\" data-name=\"tel-94\"><input size=\"40\" maxlength=\"400\" class=\"wpcf7-form-control wpcf7-tel wpcf7-validates-as-required wpcf7-text wpcf7-validates-as-tel\" aria-required=\"true\" aria-invalid=\"false\" value=\"Tel\u00e9fono\" type=\"tel\" name=\"tel-94\" \/><\/span>\n\t\t\t\t<\/p>\n\t\t\t<\/div>\n\t\t\t<div class=\"input-group\">\n\t\t\t\t<p><span class=\"wpcf7-form-control-wrap\" data-name=\"file-229\"><input size=\"40\" class=\"wpcf7-form-control wpcf7-file wpcf7-validates-as-required\" accept=\"audio\/*,video\/*,image\/*\" aria-required=\"true\" aria-invalid=\"false\" type=\"file\" name=\"file-229\" \/><\/span>\n\t\t\t\t<\/p>\n\t\t\t<\/div>\n\t\t\t<p>[stmgdpr \"I agree with storage and handling of my data by this website.\"]\n\t\t\t<\/p>\n\t\t\t<p><input class=\"wpcf7-form-control wpcf7-submit has-spinner\" type=\"submit\" value=\"Aplicar\" \/>\n\t\t\t<\/p>\n\t\t<\/div>\n\t\t<div class=\"col-lg-12 col-md-12 col-sm-12 col-xs-12\">\n\t\t\t<p>Gracias por la informaci\u00f3n, pronto lo contactaremos.\n\t\t\t<\/p>\n\t\t<\/div>\n\t<\/div>\n<\/div><div class=\"wpcf7-response-output\" aria-hidden=\"true\"><\/div>\n<\/form>\n<\/div>\n[\/vc_column][vc_column width=\u00bb1\/3&#8243; css=\u00bb.vc_custom_1548228118962{background-color: #f7f7f7 !important;}\u00bb][vc_row_inner css=\u00bb.vc_custom_1548228570719{margin-top: 40px !important;margin-right: 20px !important;margin-left: 32px !important;}\u00bb][vc_column_inner][vc_column_text]<\/p>\n<h3>TPG EN L\u00cdNEA<\/h3>\n<p>[\/vc_column_text][vc_column_text css=\u00bb.vc_custom_1548229514892{margin-top: 0px !important;}\u00bb]<\/p>\n<ul>\n<li style=\"line-height: 10px;\"><a href=\"http:\/\/disv.tpg.com.ec\/calculotpg\/webpages\/index_web.php\" target=\"_blank\" rel=\"noopener\">C\u00e1culo en L\u00ednea<\/a><\/li>\n<li style=\"line-height: 10px;\"><a href=\"http:\/\/disv.tpg.com.ec\/consultatpg\/webpages\/tpg_cons_desp.php\" target=\"_blank\" rel=\"noopener\">Programaci\u00f3n de Despachos<\/a><\/li>\n<li style=\"line-height: 10px;\"><a href=\"http:\/\/201.234.211.237\/sac\/solicitud\" target=\"_blank\" rel=\"noopener\">Solicitud de Cr\u00e9dito<\/a><\/li>\n<li style=\"line-height: 10px;\"><a href=\"http:\/\/disv.tpg.com.ec\/consultatpg\/webpages\/tpg_cons_reservas.php\" target=\"_blank\" rel=\"noopener\">Consulta de Cupos<\/a><\/li>\n<li style=\"line-height: 10px;\"><a href=\"http:\/\/201.234.211.237\/sres\/users\/login\" target=\"_blank\" rel=\"noopener\">Autorizaciones SRES<\/a><\/li>\n<li style=\"line-height: 10px;\"><a href=\"http:\/\/disv.tpg.com.ec\/webtpg\/index.php\" target=\"_blank\" rel=\"noopener\">DISV<\/a><\/li>\n<li style=\"line-height: 10px;\"><a href=\"http:\/\/disv.tpg.com.ec\/consultatpg\/webpages\/tpg_cons_chof.php\" target=\"_blank\" rel=\"noopener\">Estado de Choferes<\/a><\/li>\n<li style=\"line-height: 10px;\"><a href=\"http:\/\/disv.tpg.com.ec\/tpgarchivos\/aforos.pdf\" target=\"_blank\" rel=\"noopener\">Listado de Aforos<\/a><\/li>\n<li style=\"line-height: 10px;\"><a href=\"http:\/\/disv.tpg.com.ec\/consultatpg\/webpages\/wpg_menu_consolidacion.php\" target=\"_blank\" rel=\"noopener\">Consolidaciones \/ Desconsolidaciones<\/a><\/li>\n<li style=\"line-height: 10px;\"><a href=\"http:\/\/disv.tpg.com.ec\/consultatpg\/webpages\/tpg_solicitud_acceso_aforo.php\" target=\"_blank\" rel=\"noopener\">Solicitud de Acceso<\/a><\/li>\n<li style=\"line-height: 10px;\"><a href=\"http:\/\/disv.tpg.com.ec\/EFacturacion\/index.html\" target=\"_blank\" rel=\"noopener\">Facturaci\u00f3n Electr\u00f3nica<\/a><\/li>\n<li style=\"line-height: 10px;\"><a href=\"http:\/\/201.234.211.237\/sgt\/web\/index.php\/site\/login\" target=\"_blank\" rel=\"noopener\">Sistema de Turnos Dep\u00f3sito<\/a><\/li>\n<\/ul>\n<p>[\/vc_column_text][\/vc_column_inner][\/vc_row_inner]\n<div class=\"wpcf7 no-js\" id=\"wpcf7-f1584-o2\" lang=\"en-US\" dir=\"ltr\" data-wpcf7-id=\"1584\">\n<div class=\"screen-reader-response\"><p role=\"status\" aria-live=\"polite\" aria-atomic=\"true\"><\/p> <ul><\/ul><\/div>\n<form action=\"\/index.php\/wp-json\/wp\/v2\/pages\/2285#wpcf7-f1584-o2\" method=\"post\" class=\"wpcf7-form init\" aria-label=\"Contact form\" novalidate=\"novalidate\" data-status=\"init\">\n<div style=\"display: none;\">\n<input type=\"hidden\" name=\"_wpcf7\" value=\"1584\" \/>\n<input type=\"hidden\" name=\"_wpcf7_version\" value=\"6.0.6\" \/>\n<input type=\"hidden\" name=\"_wpcf7_locale\" value=\"en_US\" \/>\n<input type=\"hidden\" name=\"_wpcf7_unit_tag\" value=\"wpcf7-f1584-o2\" \/>\n<input type=\"hidden\" name=\"_wpcf7_container_post\" value=\"0\" \/>\n<input type=\"hidden\" name=\"_wpcf7_posted_data_hash\" value=\"\" \/>\n<input type=\"hidden\" name=\"_wpcf7cf_hidden_group_fields\" value=\"[]\" \/>\n<input type=\"hidden\" name=\"_wpcf7cf_hidden_groups\" value=\"[]\" \/>\n<input type=\"hidden\" name=\"_wpcf7cf_visible_groups\" value=\"[]\" \/>\n<input type=\"hidden\" name=\"_wpcf7cf_repeaters\" value=\"[]\" \/>\n<input type=\"hidden\" name=\"_wpcf7cf_steps\" value=\"{}\" \/>\n<input type=\"hidden\" name=\"_wpcf7cf_options\" value=\"{&quot;form_id&quot;:1584,&quot;conditions&quot;:[{&quot;then_field&quot;:&quot;importer&quot;,&quot;and_rules&quot;:[{&quot;if_field&quot;:&quot;tarifario&quot;,&quot;operator&quot;:&quot;equals&quot;,&quot;if_value&quot;:&quot;Importador&quot;}]},{&quot;then_field&quot;:&quot;exporter&quot;,&quot;and_rules&quot;:[{&quot;if_field&quot;:&quot;tarifario&quot;,&quot;operator&quot;:&quot;equals&quot;,&quot;if_value&quot;:&quot;Exportador&quot;}]},{&quot;then_field&quot;:&quot;consolidators&quot;,&quot;and_rules&quot;:[{&quot;if_field&quot;:&quot;tarifario&quot;,&quot;operator&quot;:&quot;equals&quot;,&quot;if_value&quot;:&quot;Consolidadoras&quot;}]},{&quot;then_field&quot;:&quot;services&quot;,&quot;and_rules&quot;:[{&quot;if_field&quot;:&quot;tarifario&quot;,&quot;operator&quot;:&quot;equals&quot;,&quot;if_value&quot;:&quot;Servicios a la Nave&quot;}]},{&quot;then_field&quot;:&quot;deposit&quot;,&quot;and_rules&quot;:[{&quot;if_field&quot;:&quot;tarifario&quot;,&quot;operator&quot;:&quot;equals&quot;,&quot;if_value&quot;:&quot;Dep\\u00f3sito de Contenedores Vac\\u00edos&quot;}]}],&quot;settings&quot;:{&quot;animation&quot;:&quot;yes&quot;,&quot;animation_intime&quot;:200,&quot;animation_outtime&quot;:200,&quot;conditions_ui&quot;:&quot;normal&quot;,&quot;notice_dismissed&quot;:false}}\" \/>\n<\/div>\n<div class=\"contact_form\">\n\t<div class=\"row\">\n\t\t<div class=\"col-lg-12 col-md-12 col-sm-12 col-xs-12\">\n\t\t\t<h3>TARIFARIO EN L\u00cdNEA\n\t\t\t<\/h3>\n\t\t<\/div>\n\t\t<div class=\"col-lg-12 col-md-12 col-sm-12 col-xs-12\">\n\t\t\t<div class=\"input-group\">\n\t\t\t\t<p><label style=\"color:#b7b7b7;\">Escoja una opci\u00f3n:<\/label><br \/>\n<span class=\"wpcf7-form-control-wrap\" data-name=\"tarifario\"><select class=\"wpcf7-form-control wpcf7-select wpcf7-validates-as-required\" aria-required=\"true\" aria-invalid=\"false\" name=\"tarifario\"><option value=\"Importador\">Importador<\/option><option value=\"Exportador\">Exportador<\/option><option value=\"Consolidadoras\">Consolidadoras<\/option><option value=\"Servicios a la Nave\">Servicios a la Nave<\/option><option value=\"Dep\u00f3sito de Contenedores Vac\u00edos\">Dep\u00f3sito de Contenedores Vac\u00edos<\/option><\/select><\/span>\n\t\t\t\t<\/p>\n\t\t\t<\/div>\n\t\t<\/div>\n\t\t<div class=\"col-lg-12 col-md-12 col-sm-12 col-xs-12\">\n\t\t\t<div data-id=\"importer\" data-orig_data_id=\"importer\"  data-class=\"wpcf7cf_group\">\n\t\t\t\t<div class=\"input-group\">\n\t\t\t\t\t<p><a href=\"\/index.php\/tarifas-tpg-importador-contenedor\/\" target=\"_blank\" class=\"button size-sm\">Contenedores<\/a>\n\t\t\t\t\t<\/p>\n\t\t\t\t<\/div>\n\t\t\t\t<div class=\"input-group\">\n\t\t\t\t\t<p><a href=\"\/index.php\/tarifas-tpg-importador-carga-suelta\/\" target=\"_blank\" class=\"button size-sm\">Carga Suelta<\/a>\n\t\t\t\t\t<\/p>\n\t\t\t\t<\/div>\n\t\t\t\t<div class=\"input-group\">\n\t\t\t\t\t<p><a href=\"\/index.php\/tarifas-tpg-importador-carga-suelta-no-convencional\/\" target=\"_blank\" class=\"button size-sm\">Carga Suelta (no convencional)<\/a>\n\t\t\t\t\t<\/p>\n\t\t\t\t<\/div>\n\t\t\t<\/div>\n\t\t\t<div data-id=\"exporter\" data-orig_data_id=\"exporter\"  data-class=\"wpcf7cf_group\">\n\t\t\t\t<div class=\"input-group\">\n\t\t\t\t\t<p><a href=\"\/index.php\/tarifas-tpg-exportador-contenedor\/\" target=\"_blank\" class=\"button size-sm\">Contenedores<\/a>\n\t\t\t\t\t<\/p>\n\t\t\t\t<\/div>\n\t\t\t\t<div class=\"input-group\">\n\t\t\t\t\t<p><a href=\"\/index.php\/tarifas-tpg-exportador-carga-suelta\/\" target=\"_blank\" class=\"button size-sm\">Carga Suelta<\/a>\n\t\t\t\t\t<\/p>\n\t\t\t\t<\/div>\n\t\t\t\t<div class=\"input-group\">\n\t\t\t\t\t<p><a href=\"\/index.php\/tarifas-tpg-exportador-carga-suelta-no-convencional\/\" target=\"_blank\" class=\"button size-sm\">Carga Suelta (no convencional)<\/a>\n\t\t\t\t\t<\/p>\n\t\t\t\t<\/div>\n\t\t\t<\/div>\n\t\t\t<div data-id=\"consolidators\" data-orig_data_id=\"consolidators\"  data-class=\"wpcf7cf_group\">\n\t\t\t\t<div class=\"input-group\">\n\t\t\t\t\t<p><a href=\"\/index.php\/tarifas-tpg-consolidadora-contenedor\/\" target=\"_blank\" class=\"button size-sm\">Ver Tarifario<\/a>\n\t\t\t\t\t<\/p>\n\t\t\t\t<\/div>\n\t\t\t<\/div>\n\t\t\t<div data-id=\"services\" data-orig_data_id=\"services\"  data-class=\"wpcf7cf_group\">\n\t\t\t\t<div class=\"input-group\">\n\t\t\t\t\t<p><a href=\"\/index.php\/tarifas-tpg-servicios-a-la-nave\/\" target=\"_blank\" class=\"button size-sm\">Ver Tarifario<\/a>\n\t\t\t\t\t<\/p>\n\t\t\t\t<\/div>\n\t\t\t<\/div>\n\t\t\t<div data-id=\"deposit\" data-orig_data_id=\"deposit\"  data-class=\"wpcf7cf_group\">\n\t\t\t\t<div class=\"input-group\">\n\t\t\t\t\t<p><a href=\"\/index.php\/tarifas-tpg-deposito-contenedores-vacios\/\" target=\"_blank\" class=\"button size-sm\">Ver Tarifario<\/a>\n\t\t\t\t\t<\/p>\n\t\t\t\t<\/div>\n\t\t\t<\/div>\n\t\t<\/div>\n\t<\/div>\n<\/div><div class=\"wpcf7-response-output\" aria-hidden=\"true\"><\/div>\n<\/form>\n<\/div>\n[vc_row_inner css=\u00bb.vc_custom_1548230846652{margin-top: 20px !important;margin-right: 20px !important;margin-bottom: 40px !important;margin-left: 32px !important;}\u00bb][vc_column_inner][vc_column_text]<\/p>\n<h3>TR\u00c1FICO DE NAVES<\/h3>\n<p>[\/vc_column_text][vc_column_text css=\u00bb.vc_custom_1548229523075{margin-top: 0px !important;}\u00bb]<a class=\"vc_general vc_btn3 vc_btn3-size-sm vc_btn3-shape-square vc_btn3-style-flat vc_btn3-icon-right vc_btn3-color-theme_style_3\" title=\"\" href=\"http:\/\/www.tpg.com.ec\/index.php\/trafico-de-naves\/\">IR A TR\u00c1FICO DE NAVES <i class=\"vc_btn3-icon stm-arrow-next\"><\/i><\/a>[\/vc_column_text][\/vc_column_inner][\/vc_row_inner][\/vc_column][\/vc_row]<\/p>\n<\/div>","protected":false},"excerpt":{"rendered":"<p>[vc_row][vc_column width=\u00bb2\/3&#8243;][vc_column_text css=\u00bb.vc_custom_1539631997786{margin-bottom: 30px !important;}\u00bb] Terminal Portuario de Guayaquil [\/vc_column_text][\/vc_column][vc_column width=\u00bb1\/3&#8243; css=\u00bb.vc_custom_1548228118962{background-color: #f7f7f7 !important;}\u00bb][vc_row_inner css=\u00bb.vc_custom_1548228570719{margin-top: 40px !important;margin-right: 20px !important;margin-left: 32px !important;}\u00bb][vc_column_inner][vc_column_text] TPG EN L\u00cdNEA [\/vc_column_text][vc_column_text css=\u00bb.vc_custom_1548229514892{margin-top: 0px !important;}\u00bb] C\u00e1culo en L\u00ednea Programaci\u00f3n de&#8230;<\/p>\n","protected":false},"author":1,"featured_media":0,"parent":0,"menu_order":0,"comment_status":"closed","ping_status":"closed","template":"","meta":{"footnotes":""},"class_list":["post-2285","page","type-page","status-publish","hentry"],"_links":{"self":[{"href":"http:\/\/www.tpg.com.ec\/index.php\/wp-json\/wp\/v2\/pages\/2285","targetHints":{"allow":["GET"]}}],"collection":[{"href":"http:\/\/www.tpg.com.ec\/index.php\/wp-json\/wp\/v2\/pages"}],"about":[{"href":"http:\/\/www.tpg.com.ec\/index.php\/wp-json\/wp\/v2\/types\/page"}],"author":[{"embeddable":true,"href":"http:\/\/www.tpg.com.ec\/index.php\/wp-json\/wp\/v2\/users\/1"}],"replies":[{"embeddable":true,"href":"http:\/\/www.tpg.com.ec\/index.php\/wp-json\/wp\/v2\/comments?post=2285"}],"version-history":[{"count":5,"href":"http:\/\/www.tpg.com.ec\/index.php\/wp-json\/wp\/v2\/pages\/2285\/revisions"}],"predecessor-version":[{"id":3036,"href":"http:\/\/www.tpg.com.ec\/index.php\/wp-json\/wp\/v2\/pages\/2285\/revisions\/3036"}],"wp:attachment":[{"href":"http:\/\/www.tpg.com.ec\/index.php\/wp-json\/wp\/v2\/media?parent=2285"}],"curies":[{"name":"wp","href":"https:\/\/api.w.org\/{rel}","templated":true}]}}