{"id":2492,"date":"2019-01-23T01:55:50","date_gmt":"2019-01-23T06:55:50","guid":{"rendered":"http:\/\/192.168.0.101\/wordpress\/?page_id=2492"},"modified":"2019-02-18T19:18:27","modified_gmt":"2019-02-19T00:18:27","slug":"tarifas-tpg-consolidadora-contenedor","status":"publish","type":"page","link":"http:\/\/www.tpg.com.ec\/index.php\/tarifas-tpg-consolidadora-contenedor\/","title":{"rendered":"Tarifas TPG: Consolidadora Contenedor"},"content":{"rendered":"<div class=\"wpb-content-wrapper\"><p>[vc_row][vc_column width=\u00bb2\/3&#8243;][vc_column_text css=\u00bb.vc_custom_1548226547453{margin-bottom: 30px !important;}\u00bb]<\/p>\n<h3><strong>SERVICIOS LOG\u00cdSTICOS<\/strong><\/h3>\n<p><strong>CONSOLIDACI\u00d3N<\/strong><\/p>\n<div id=\"footable_parent_2490\"\n         class=\" footable_parent ninja_table_wrapper loading_ninja_table wp_table_data_press_parent semantic_ui \">\n                <table data-ninja_table_instance=\"ninja_table_instance_0\" data-footable_id=\"2490\" data-filter-delay=\"1000\" aria-label=\"Servicios Log\u00edsticos Consolidaci\u00f3n\"            id=\"footable_2490\"\n           data-unique_identifier=\"ninja_table_unique_id_1899167864_2490\"\n           class=\" foo-table ninja_footable foo_table_2490 ninja_table_unique_id_1899167864_2490 ui table  nt_type_legacy_table single line fixed selectable striped vertical_centered  footable-paging-right ninja_table_pro\">\n                <colgroup>\n                            <col class=\"ninja_column_0 \">\n                            <col class=\"ninja_column_1 \">\n                            <col class=\"ninja_column_2 \">\n                    <\/colgroup>\n        <thead>\n<tr class=\"footable-header\">\n                                                        <th scope=\"col\"  class=\"ninja_column_0 ninja_clmn_nm_servicio \">SERVICIO<\/th><th scope=\"col\"  class=\"ninja_column_1 ninja_clmn_nm_unidad \">UNIDAD<\/th><th scope=\"col\"  class=\"ninja_column_2 ninja_clmn_nm_tarifa \">TARIFA<\/th><\/tr>\n<\/thead>\n<tbody>\n\n        <tr data-row_id=\"353\" class=\"ninja_table_row_0 nt_row_id_353\">\n            <td>CONSOLIDACI\u00d3N CONTENEDOR 20'<\/td><td>USD\/TEU<\/td><td>$140.67<\/td>        <\/tr>\n            <tr data-row_id=\"554\" class=\"ninja_table_row_1 nt_row_id_554\">\n            <td>CONSOLIDACI\u00d3N CONTENEDOR 40'<\/td><td>USD\/TEU<\/td><td>$281.35<\/td>        <\/tr>\n            <tr data-row_id=\"368\" class=\"ninja_table_row_2 nt_row_id_368\">\n            <td>RECEPCI\u00d3N CONTENEDOR 20'<\/td><td>USD\/CONTENEDOR<\/td><td>$60.00<\/td>        <\/tr>\n            <tr data-row_id=\"555\" class=\"ninja_table_row_3 nt_row_id_555\">\n            <td>RECEPCI\u00d3N CONTENEDOR 40'<\/td><td>USD\/CONTENEDOR<\/td><td>$60.00<\/td>        <\/tr>\n            <tr data-row_id=\"557\" class=\"ninja_table_row_4 nt_row_id_557\">\n            <td>TRINCA VEH\u00cdCULO LIVIANO<\/td><td>USD\/PUNTO<\/td><td>$85.78<\/td>        <\/tr>\n            <tr data-row_id=\"369\" class=\"ninja_table_row_5 nt_row_id_369\">\n            <td>TRINCA MAQUINARIA<\/td><td>USD\/PUNTO<\/td><td>$142.98<\/td>        <\/tr>\n            <tr data-row_id=\"370\" class=\"ninja_table_row_6 nt_row_id_370\">\n            <td>MANIPULEO INTERNO EXPO\t20'<\/td><td>USD\/CONTENEDOR<\/td><td>$32.47<\/td>        <\/tr>\n            <tr data-row_id=\"556\" class=\"ninja_table_row_7 nt_row_id_556\">\n            <td>MANIPULEO INTERNO EXPO\t40'<\/td><td>USD\/CONTENEDOR<\/td><td>$32.47<\/td>        <\/tr>\n            <tr data-row_id=\"563\" class=\"ninja_table_row_8 nt_row_id_563\">\n            <td>PESAJE Y CERTIFICACI\u00d3N VGM<\/td><td>USD\/CONTENEDOR<\/td><td>$5.00<\/td>        <\/tr>\n    <\/tbody><!--ninja_tobody_rendering_done-->\n    <\/table>\n    \n    \n    \n<\/div>\n\n<p><strong>DESCONSOLIDACI\u00d3N<\/strong><\/p>\n<div id=\"footable_parent_2491\"\n         class=\" footable_parent ninja_table_wrapper loading_ninja_table wp_table_data_press_parent semantic_ui \">\n                <table data-ninja_table_instance=\"ninja_table_instance_1\" data-footable_id=\"2491\" data-filter-delay=\"1000\" aria-label=\"Servicios Log\u00edsticos Desconsolidaci\u00f3n\"            id=\"footable_2491\"\n           data-unique_identifier=\"ninja_table_unique_id_422295151_2491\"\n           class=\" foo-table ninja_footable foo_table_2491 ninja_table_unique_id_422295151_2491 ui table  nt_type_legacy_table single line fixed selectable striped vertical_centered  footable-paging-right ninja_table_pro\">\n                <colgroup>\n                            <col class=\"ninja_column_0 \">\n                            <col class=\"ninja_column_1 \">\n                            <col class=\"ninja_column_2 \">\n                    <\/colgroup>\n        <thead>\n<tr class=\"footable-header\">\n                                                        <th scope=\"col\"  class=\"ninja_column_0 ninja_clmn_nm_servicio \">SERVICIO<\/th><th scope=\"col\"  class=\"ninja_column_1 ninja_clmn_nm_unidad \">UNIDAD<\/th><th scope=\"col\"  class=\"ninja_column_2 ninja_clmn_nm_tarifa \">TARIFA<\/th><\/tr>\n<\/thead>\n<tbody>\n\n        <tr data-row_id=\"371\" class=\"ninja_table_row_0 nt_row_id_371\">\n            <td>DESCONSOLIDACI\u00d3N CONTENEDOR 20'<\/td><td>USD\/TEU<\/td><td>$145.84<\/td>        <\/tr>\n            <tr data-row_id=\"558\" class=\"ninja_table_row_1 nt_row_id_558\">\n            <td>DESCONSOLIDACI\u00d3N CONTENEDOR 40'<\/td><td>USD\/TEU<\/td><td>$291.68<\/td>        <\/tr>\n            <tr data-row_id=\"378\" class=\"ninja_table_row_2 nt_row_id_378\">\n            <td>MANIPULEO CONTENEDOR VAC\u00cdO DE DESCONSOLIDACI\u00d3N\t<\/td><td>USD\/CONTENEDOR<\/td><td>$61.87<\/td>        <\/tr>\n            <tr data-row_id=\"379\" class=\"ninja_table_row_3 nt_row_id_379\">\n            <td>MANIPULEO CFS DEVOLUCI\u00d3N CONTENEDOR VACIO\t<\/td><td>USD\/CONTENEDOR<\/td><td>$108.89<\/td>        <\/tr>\n            <tr data-row_id=\"380\" class=\"ninja_table_row_4 nt_row_id_380\">\n            <td>RECEPCI\u00d3N CONTENEDOR PARA DESCONSOLIDACI\u00d3N<\/td><td>USD\/CONTENEDOR<\/td><td>$61.87<\/td>        <\/tr>\n            <tr data-row_id=\"381\" class=\"ninja_table_row_5 nt_row_id_381\">\n            <td>MANIPULEO INTERNO IMPO 20'<\/td><td>USD\/CONTENEDOR<\/td><td>$41.50<\/td>        <\/tr>\n            <tr data-row_id=\"559\" class=\"ninja_table_row_6 nt_row_id_559\">\n            <td>MANIPULEO INTERNO IMPO 40'<\/td><td>USD\/CONTENEDOR<\/td><td>$41.50<\/td>        <\/tr>\n    <\/tbody><!--ninja_tobody_rendering_done-->\n    <\/table>\n    \n    \n    \n<\/div>\n[\/vc_column_text][\/vc_column][vc_column width=\u00bb1\/3&#8243; css=\u00bb.vc_custom_1548228118962{background-color: #f7f7f7 !important;}\u00bb]\n<div class=\"wpcf7 no-js\" id=\"wpcf7-f1584-o1\" lang=\"en-US\" dir=\"ltr\" data-wpcf7-id=\"1584\">\n<div class=\"screen-reader-response\"><p role=\"status\" aria-live=\"polite\" aria-atomic=\"true\"><\/p> <ul><\/ul><\/div>\n<form action=\"\/index.php\/wp-json\/wp\/v2\/pages\/2492#wpcf7-f1584-o1\" method=\"post\" class=\"wpcf7-form init\" aria-label=\"Contact form\" novalidate=\"novalidate\" data-status=\"init\">\n<div style=\"display: none;\">\n<input type=\"hidden\" name=\"_wpcf7\" value=\"1584\" \/>\n<input type=\"hidden\" name=\"_wpcf7_version\" value=\"6.0.6\" \/>\n<input type=\"hidden\" name=\"_wpcf7_locale\" value=\"en_US\" \/>\n<input type=\"hidden\" name=\"_wpcf7_unit_tag\" value=\"wpcf7-f1584-o1\" \/>\n<input type=\"hidden\" name=\"_wpcf7_container_post\" value=\"0\" \/>\n<input type=\"hidden\" name=\"_wpcf7_posted_data_hash\" value=\"\" \/>\n<input type=\"hidden\" name=\"_wpcf7cf_hidden_group_fields\" value=\"[]\" \/>\n<input type=\"hidden\" name=\"_wpcf7cf_hidden_groups\" value=\"[]\" \/>\n<input type=\"hidden\" name=\"_wpcf7cf_visible_groups\" value=\"[]\" \/>\n<input type=\"hidden\" name=\"_wpcf7cf_repeaters\" value=\"[]\" \/>\n<input type=\"hidden\" name=\"_wpcf7cf_steps\" value=\"{}\" \/>\n<input type=\"hidden\" name=\"_wpcf7cf_options\" value=\"{&quot;form_id&quot;:1584,&quot;conditions&quot;:[{&quot;then_field&quot;:&quot;importer&quot;,&quot;and_rules&quot;:[{&quot;if_field&quot;:&quot;tarifario&quot;,&quot;operator&quot;:&quot;equals&quot;,&quot;if_value&quot;:&quot;Importador&quot;}]},{&quot;then_field&quot;:&quot;exporter&quot;,&quot;and_rules&quot;:[{&quot;if_field&quot;:&quot;tarifario&quot;,&quot;operator&quot;:&quot;equals&quot;,&quot;if_value&quot;:&quot;Exportador&quot;}]},{&quot;then_field&quot;:&quot;consolidators&quot;,&quot;and_rules&quot;:[{&quot;if_field&quot;:&quot;tarifario&quot;,&quot;operator&quot;:&quot;equals&quot;,&quot;if_value&quot;:&quot;Consolidadoras&quot;}]},{&quot;then_field&quot;:&quot;services&quot;,&quot;and_rules&quot;:[{&quot;if_field&quot;:&quot;tarifario&quot;,&quot;operator&quot;:&quot;equals&quot;,&quot;if_value&quot;:&quot;Servicios a la Nave&quot;}]},{&quot;then_field&quot;:&quot;deposit&quot;,&quot;and_rules&quot;:[{&quot;if_field&quot;:&quot;tarifario&quot;,&quot;operator&quot;:&quot;equals&quot;,&quot;if_value&quot;:&quot;Dep\\u00f3sito de Contenedores Vac\\u00edos&quot;}]}],&quot;settings&quot;:{&quot;animation&quot;:&quot;yes&quot;,&quot;animation_intime&quot;:200,&quot;animation_outtime&quot;:200,&quot;conditions_ui&quot;:&quot;normal&quot;,&quot;notice_dismissed&quot;:false}}\" \/>\n<\/div>\n<div class=\"contact_form\">\n\t<div class=\"row\">\n\t\t<div class=\"col-lg-12 col-md-12 col-sm-12 col-xs-12\">\n\t\t\t<h3>TARIFARIO EN L\u00cdNEA\n\t\t\t<\/h3>\n\t\t<\/div>\n\t\t<div class=\"col-lg-12 col-md-12 col-sm-12 col-xs-12\">\n\t\t\t<div class=\"input-group\">\n\t\t\t\t<p><label style=\"color:#b7b7b7;\">Escoja una opci\u00f3n:<\/label><br \/>\n<span class=\"wpcf7-form-control-wrap\" data-name=\"tarifario\"><select class=\"wpcf7-form-control wpcf7-select wpcf7-validates-as-required\" aria-required=\"true\" aria-invalid=\"false\" name=\"tarifario\"><option value=\"Importador\">Importador<\/option><option value=\"Exportador\">Exportador<\/option><option value=\"Consolidadoras\">Consolidadoras<\/option><option value=\"Servicios a la Nave\">Servicios a la Nave<\/option><option value=\"Dep\u00f3sito de Contenedores Vac\u00edos\">Dep\u00f3sito de Contenedores Vac\u00edos<\/option><\/select><\/span>\n\t\t\t\t<\/p>\n\t\t\t<\/div>\n\t\t<\/div>\n\t\t<div class=\"col-lg-12 col-md-12 col-sm-12 col-xs-12\">\n\t\t\t<div data-id=\"importer\" data-orig_data_id=\"importer\"  data-class=\"wpcf7cf_group\">\n\t\t\t\t<div class=\"input-group\">\n\t\t\t\t\t<p><a href=\"\/index.php\/tarifas-tpg-importador-contenedor\/\" target=\"_blank\" class=\"button size-sm\">Contenedores<\/a>\n\t\t\t\t\t<\/p>\n\t\t\t\t<\/div>\n\t\t\t\t<div class=\"input-group\">\n\t\t\t\t\t<p><a href=\"\/index.php\/tarifas-tpg-importador-carga-suelta\/\" target=\"_blank\" class=\"button size-sm\">Carga Suelta<\/a>\n\t\t\t\t\t<\/p>\n\t\t\t\t<\/div>\n\t\t\t\t<div class=\"input-group\">\n\t\t\t\t\t<p><a href=\"\/index.php\/tarifas-tpg-importador-carga-suelta-no-convencional\/\" target=\"_blank\" class=\"button size-sm\">Carga Suelta (no convencional)<\/a>\n\t\t\t\t\t<\/p>\n\t\t\t\t<\/div>\n\t\t\t<\/div>\n\t\t\t<div data-id=\"exporter\" data-orig_data_id=\"exporter\"  data-class=\"wpcf7cf_group\">\n\t\t\t\t<div class=\"input-group\">\n\t\t\t\t\t<p><a href=\"\/index.php\/tarifas-tpg-exportador-contenedor\/\" target=\"_blank\" class=\"button size-sm\">Contenedores<\/a>\n\t\t\t\t\t<\/p>\n\t\t\t\t<\/div>\n\t\t\t\t<div class=\"input-group\">\n\t\t\t\t\t<p><a href=\"\/index.php\/tarifas-tpg-exportador-carga-suelta\/\" target=\"_blank\" class=\"button size-sm\">Carga Suelta<\/a>\n\t\t\t\t\t<\/p>\n\t\t\t\t<\/div>\n\t\t\t\t<div class=\"input-group\">\n\t\t\t\t\t<p><a href=\"\/index.php\/tarifas-tpg-exportador-carga-suelta-no-convencional\/\" target=\"_blank\" class=\"button size-sm\">Carga Suelta (no convencional)<\/a>\n\t\t\t\t\t<\/p>\n\t\t\t\t<\/div>\n\t\t\t<\/div>\n\t\t\t<div data-id=\"consolidators\" data-orig_data_id=\"consolidators\"  data-class=\"wpcf7cf_group\">\n\t\t\t\t<div class=\"input-group\">\n\t\t\t\t\t<p><a href=\"\/index.php\/tarifas-tpg-consolidadora-contenedor\/\" target=\"_blank\" class=\"button size-sm\">Ver Tarifario<\/a>\n\t\t\t\t\t<\/p>\n\t\t\t\t<\/div>\n\t\t\t<\/div>\n\t\t\t<div data-id=\"services\" data-orig_data_id=\"services\"  data-class=\"wpcf7cf_group\">\n\t\t\t\t<div class=\"input-group\">\n\t\t\t\t\t<p><a href=\"\/index.php\/tarifas-tpg-servicios-a-la-nave\/\" target=\"_blank\" class=\"button size-sm\">Ver Tarifario<\/a>\n\t\t\t\t\t<\/p>\n\t\t\t\t<\/div>\n\t\t\t<\/div>\n\t\t\t<div data-id=\"deposit\" data-orig_data_id=\"deposit\"  data-class=\"wpcf7cf_group\">\n\t\t\t\t<div class=\"input-group\">\n\t\t\t\t\t<p><a href=\"\/index.php\/tarifas-tpg-deposito-contenedores-vacios\/\" target=\"_blank\" class=\"button size-sm\">Ver Tarifario<\/a>\n\t\t\t\t\t<\/p>\n\t\t\t\t<\/div>\n\t\t\t<\/div>\n\t\t<\/div>\n\t<\/div>\n<\/div><div class=\"wpcf7-response-output\" aria-hidden=\"true\"><\/div>\n<\/form>\n<\/div>\n[\/vc_column][\/vc_row]<\/p>\n<\/div>","protected":false},"excerpt":{"rendered":"<p>[vc_row][vc_column width=\u00bb2\/3&#8243;][vc_column_text css=\u00bb.vc_custom_1548226547453{margin-bottom: 30px !important;}\u00bb] SERVICIOS LOG\u00cdSTICOS CONSOLIDACI\u00d3N DESCONSOLIDACI\u00d3N [\/vc_column_text][\/vc_column][vc_column width=\u00bb1\/3&#8243; css=\u00bb.vc_custom_1548228118962{background-color: #f7f7f7 !important;}\u00bb][\/vc_column][\/vc_row]<\/p>\n","protected":false},"author":1,"featured_media":0,"parent":0,"menu_order":0,"comment_status":"closed","ping_status":"closed","template":"","meta":{"footnotes":""},"class_list":["post-2492","page","type-page","status-publish","hentry"],"_links":{"self":[{"href":"http:\/\/www.tpg.com.ec\/index.php\/wp-json\/wp\/v2\/pages\/2492","targetHints":{"allow":["GET"]}}],"collection":[{"href":"http:\/\/www.tpg.com.ec\/index.php\/wp-json\/wp\/v2\/pages"}],"about":[{"href":"http:\/\/www.tpg.com.ec\/index.php\/wp-json\/wp\/v2\/types\/page"}],"author":[{"embeddable":true,"href":"http:\/\/www.tpg.com.ec\/index.php\/wp-json\/wp\/v2\/users\/1"}],"replies":[{"embeddable":true,"href":"http:\/\/www.tpg.com.ec\/index.php\/wp-json\/wp\/v2\/comments?post=2492"}],"version-history":[{"count":5,"href":"http:\/\/www.tpg.com.ec\/index.php\/wp-json\/wp\/v2\/pages\/2492\/revisions"}],"predecessor-version":[{"id":2968,"href":"http:\/\/www.tpg.com.ec\/index.php\/wp-json\/wp\/v2\/pages\/2492\/revisions\/2968"}],"wp:attachment":[{"href":"http:\/\/www.tpg.com.ec\/index.php\/wp-json\/wp\/v2\/media?parent=2492"}],"curies":[{"name":"wp","href":"https:\/\/api.w.org\/{rel}","templated":true}]}}